{"id":891,"date":"2018-06-28T16:38:06","date_gmt":"2018-06-28T19:38:06","guid":{"rendered":"https:\/\/ens11-caba.infd.edu.ar\/sitio\/informacion-para-alumnos\/"},"modified":"2024-03-08T10:12:10","modified_gmt":"2024-03-08T13:12:10","slug":"informacion-para-alumnos","status":"publish","type":"page","link":"https:\/\/ens11-caba.infd.edu.ar\/sitio\/informacion-para-alumnos\/","title":{"rendered":"INFORMACI\u00d3N PARA ALUMNOS"},"content":{"rendered":"\n<h4 class=\"wp-block-heading\">Horarios de Materias 1\u00b0 c. 2023<\/h4>\n\n\n\n<p><strong><a href=\"https:\/\/ens11-caba.infd.edu.ar\/sitio\/wp-content\/uploads\/2023\/03\/HORARIOS-1-o-CUATRIMESTRE-2023-CFG.pdf\">Campo de la Formaci\u00f3n General<\/a><\/strong><\/p>\n\n\n\n<p><strong><a href=\"https:\/\/ens11-caba.infd.edu.ar\/sitio\/wp-content\/uploads\/2023\/03\/HORARIOS-1\u00b0-CUATRI-2023-CFE-PEP-1.pdf\">Profesorado en Educaci\u00f3n Primaria &#8211; CFE Y CFPP<\/a><\/strong><\/p>\n\n\n\n<p><strong><a href=\"https:\/\/ens11-caba.infd.edu.ar\/sitio\/wp-content\/uploads\/2023\/03\/Horarios-1er-C-2023-PEI-CFE-y-CFPP.docx.pdf\">Profesorado en Educaci\u00f3n Inicial &#8211; CFE y CFPP<\/a><\/strong><\/p>\n\n\n\n<p><\/p>\n\n\n\n<hr class=\"wp-block-separator has-alpha-channel-opacity\"\/>\n\n\n\n<h4 class=\"wp-block-heading\"><strong><span style=\"font-size: 14pt;\">Secretar\u00eda<\/span><\/strong><\/h4>\n\n\n\n<p>Horario de atenci\u00f3n: lunes a viernes de 18:30 a 22: hs.<\/p>\n\n\n\n<h4 class=\"wp-block-heading\"><strong><span style=\"font-size: 14pt;\">Biblioteca: <\/span><\/strong><\/h4>\n\n\n\n<ul>\n<li> <p dir=\"ltr\" role=\"presentation\">Bibliotecario: Alberto Salinas<\/p> <\/li>\n<\/ul>\n\n\n\n<p>Horario de atenci\u00f3n: de 18.20 a 22:00 hs<\/p>\n\n\n\n<p><span style=\"font-family: Calibri; font-size: medium;\">&nbsp;<\/span><\/p>\n","protected":false},"excerpt":{"rendered":"<p>Horarios de Materias 1\u00b0 c. 2023 Campo de la Formaci\u00f3n General Profesorado en Educaci\u00f3n Primaria &#8211; CFE Y CFPP Profesorado en Educaci\u00f3n Inicial &#8211; CFE y CFPP Secretar\u00eda Horario de atenci\u00f3n: lunes a viernes de 18:30 a 22: hs. Biblioteca: Horario de atenci\u00f3n: de 18.20 a 22:00 hs &nbsp;<\/p>\n","protected":false},"author":1185,"featured_media":0,"parent":0,"menu_order":0,"comment_status":"closed","ping_status":"closed","template":"","meta":[],"acf":[],"_links":{"self":[{"href":"https:\/\/ens11-caba.infd.edu.ar\/sitio\/wp-json\/wp\/v2\/pages\/891"}],"collection":[{"href":"https:\/\/ens11-caba.infd.edu.ar\/sitio\/wp-json\/wp\/v2\/pages"}],"about":[{"href":"https:\/\/ens11-caba.infd.edu.ar\/sitio\/wp-json\/wp\/v2\/types\/page"}],"author":[{"embeddable":true,"href":"https:\/\/ens11-caba.infd.edu.ar\/sitio\/wp-json\/wp\/v2\/users\/1185"}],"replies":[{"embeddable":true,"href":"https:\/\/ens11-caba.infd.edu.ar\/sitio\/wp-json\/wp\/v2\/comments?post=891"}],"version-history":[{"count":14,"href":"https:\/\/ens11-caba.infd.edu.ar\/sitio\/wp-json\/wp\/v2\/pages\/891\/revisions"}],"predecessor-version":[{"id":1373,"href":"https:\/\/ens11-caba.infd.edu.ar\/sitio\/wp-json\/wp\/v2\/pages\/891\/revisions\/1373"}],"wp:attachment":[{"href":"https:\/\/ens11-caba.infd.edu.ar\/sitio\/wp-json\/wp\/v2\/media?parent=891"}],"curies":[{"name":"wp","href":"https:\/\/api.w.org\/{rel}","templated":true}]}}