{"id":286,"date":"2016-10-31T13:17:59","date_gmt":"2016-10-31T16:17:59","guid":{"rendered":"https:\/\/ens11-caba.infd.edu.ar\/sitio\/?page_id=286"},"modified":"2025-05-11T20:40:36","modified_gmt":"2025-05-11T23:40:36","slug":"inicio","status":"publish","type":"page","link":"https:\/\/ens11-caba.infd.edu.ar\/sitio\/","title":{"rendered":"Inicio"},"content":{"rendered":"<p style=\"text-align: center;\"><span style=\"font-family: 'book antiqua', palatino; font-size: 18pt; color: #3366ff;\"><strong>ENS N\u00ba 11 \u00abDr. Ricardo Levene\u00bb DE 6<\/strong><\/span><\/p>\n<p><img decoding=\"async\" style=\"display: block; border: 0px; margin-left: auto; margin-right: auto;\" title=\"Frente escuela\" src=\"https:\/\/ens11-caba.infd.edu.ar\/sitio\/wp-content\/uploads\/2018\/06\/2.jpg\" alt=\"Frente escuela\" width=\"60%\" border=\"0\"><\/p>\n<p style=\"text-align: center;\">El E.N.S. N\u00ba 11 \u00abDr. Ricardo Levene\u00bb forma parte del sistema de educaci\u00f3n p\u00fablica de gesti\u00f3n estatal.<\/p>\n<p style=\"text-align: center;\">Junto con varios cientos de Institutos, integramos la Red&nbsp;Virtual de Institutos Superiores de Formaci\u00f3n Docente coordinada por el INFD (Instituto Nacional de Formaci\u00f3n Docente) dependiente del Ministerio de Educaci\u00f3n de la Naci\u00f3n Argentina.<\/p>\n<p>&nbsp;<\/p>\n\n\n<div class=\"alignnormal\"><div id=\"metaslider-id-1412\" style=\"width: 100%;\" class=\"ml-slider-3-33-0 metaslider metaslider-flex metaslider-1412 ml-slider ms-theme-default\" role=\"region\" aria-roledescription=\"Slideshow\" aria-label=\"Slideshow\">\n    <div id=\"metaslider_container_1412\">\n        <div id=\"metaslider_1412\" class=\"flexslider\">\n            <ul aria-live=\"polite\" class=\"slides\">\n                <li style=\"display: block; width: 100%;\" class=\"slide-1413 ms-image\" aria-roledescription=\"slide\" aria-label=\"slide-1413\"><a href=\"https:\/\/mapa.infd.edu.ar\/\" target=\"_blank\"><img src=\"https:\/\/ens11-caba.infd.edu.ar\/sitio\/wp-content\/uploads\/2018\/06\/mapa_infd6-1100x200.png\" height=\"200\" width=\"1100\" alt=\"\" class=\"slider-1412 slide-1413\" title=\"mapa_infd6\" \/><\/a><\/li>\n                <li style=\"display: none; width: 100%;\" class=\"slide-1414 ms-image\" aria-roledescription=\"slide\" aria-label=\"slide-1414\"><a href=\"https:\/\/www.argentina.gob.ar\/educacion\/becas\" target=\"_blank\"><img src=\"https:\/\/ens11-caba.infd.edu.ar\/sitio\/wp-content\/uploads\/2018\/06\/becas7-1100x200.png\" height=\"200\" width=\"1100\" alt=\"\" class=\"slider-1412 slide-1414\" title=\"becas7\" \/><\/a><\/li>\n                <li style=\"display: none; width: 100%;\" class=\"slide-1415 ms-image\" aria-roledescription=\"slide\" aria-label=\"slide-1415\"><a href=\"https:\/\/www.argentina.gob.ar\/tema\/estudiar\/formacion-docencia\" target=\"_blank\"><img src=\"https:\/\/ens11-caba.infd.edu.ar\/sitio\/wp-content\/uploads\/2018\/06\/convocatorias_slide6-1-1100x200.png\" height=\"200\" width=\"1100\" alt=\"\" class=\"slider-1412 slide-1415\" title=\"convocatorias_slide6-1\" \/><\/a><\/li>\n            <\/ul>\n        <\/div>\n        \n    <\/div>\n<\/div><\/div>\n","protected":false},"excerpt":{"rendered":"<p>ENS N\u00ba 11 \u00abDr. Ricardo Levene\u00bb DE 6 El E.N.S. N\u00ba 11 \u00abDr. Ricardo Levene\u00bb forma parte del sistema de educaci\u00f3n p\u00fablica de gesti\u00f3n estatal. Junto con varios cientos de Institutos, integramos la Red&nbsp;Virtual de Institutos Superiores de Formaci\u00f3n Docente coordinada por el INFD (Instituto Nacional de Formaci\u00f3n Docente) dependiente del Ministerio de Educaci\u00f3n de &#8230; <a title=\"Inicio\" class=\"read-more\" href=\"https:\/\/ens11-caba.infd.edu.ar\/sitio\/\" aria-label=\"More on Inicio\">[+]<\/a><\/p>\n","protected":false},"author":1,"featured_media":0,"parent":0,"menu_order":0,"comment_status":"closed","ping_status":"closed","template":"","meta":[],"acf":[],"_links":{"self":[{"href":"https:\/\/ens11-caba.infd.edu.ar\/sitio\/wp-json\/wp\/v2\/pages\/286"}],"collection":[{"href":"https:\/\/ens11-caba.infd.edu.ar\/sitio\/wp-json\/wp\/v2\/pages"}],"about":[{"href":"https:\/\/ens11-caba.infd.edu.ar\/sitio\/wp-json\/wp\/v2\/types\/page"}],"author":[{"embeddable":true,"href":"https:\/\/ens11-caba.infd.edu.ar\/sitio\/wp-json\/wp\/v2\/users\/1"}],"replies":[{"embeddable":true,"href":"https:\/\/ens11-caba.infd.edu.ar\/sitio\/wp-json\/wp\/v2\/comments?post=286"}],"version-history":[{"count":85,"href":"https:\/\/ens11-caba.infd.edu.ar\/sitio\/wp-json\/wp\/v2\/pages\/286\/revisions"}],"predecessor-version":[{"id":1431,"href":"https:\/\/ens11-caba.infd.edu.ar\/sitio\/wp-json\/wp\/v2\/pages\/286\/revisions\/1431"}],"wp:attachment":[{"href":"https:\/\/ens11-caba.infd.edu.ar\/sitio\/wp-json\/wp\/v2\/media?parent=286"}],"curies":[{"name":"wp","href":"https:\/\/api.w.org\/{rel}","templated":true}]}}