{"id":1550,"date":"2025-10-31T22:07:56","date_gmt":"2025-11-01T01:07:56","guid":{"rendered":"https:\/\/ens11-caba.infd.edu.ar\/sitio\/?page_id=1550"},"modified":"2025-10-31T22:09:36","modified_gmt":"2025-11-01T01:09:36","slug":"acerca-de-nosotros","status":"publish","type":"page","link":"https:\/\/ens11-caba.infd.edu.ar\/sitio\/acerca-de-nosotros\/","title":{"rendered":"Acerca de nosotros"},"content":{"rendered":"\n<p><em>Nuestra historia tiene un&nbsp; largo recorrido, pero la identidad de las escuelas Normales est\u00e1 presente en la actualidad. Hoy la escuela reconoce a cada estudiante como un sujeto portador de una historia personal, desde la cual expresa sus deseos y proyectos de vida.<\/em><\/p>\n\n\n\n<p><em>Buscamos construir una escuela c\u00e1lida, donde cada uno y cada una se sienta parte, donde puedan encontrarse con sus pares, compartir experiencias y construir aprendizajes juntos.<\/em><\/p>\n\n\n\n<p><em>Nuestros principios rectores son la inclusi\u00f3n, la equidad y la igualdad de oportunidades, los cuales son la base para lograr una sociedad m\u00e1s justa y democr\u00e1tica.&nbsp;Nos proponemos que los\/as estudiantes encuentren en la escuela un lugar de formaci\u00f3n acad\u00e9mica y ciudadana, como as\u00ed tambi\u00e9n de informaci\u00f3n y de orientaci\u00f3n vocacional.&nbsp;<\/em><\/p>\n\n\n\n<p><em>Muchos y muchas adolescentes ingresan a la escuela sin tener una proyecci\u00f3n a futuro definida, pero a medida que avanzan en sus estudios y con el acompa\u00f1amiento de sus trayectorias a cargo de los&nbsp;y las docentes que forman parte de nuestro equipo,&nbsp; van explorando y descubriendo nuevas oportunidades que les permitir\u00e1n desarrollar sus pasiones y habilidades en funci\u00f3n de sus intereses.&nbsp;<\/em><\/p>\n\n\n\n<p><em>Aspiramos a que los estudiantes contin\u00faen estudios superiores en nuestro profesorado y en otras Universidades.&nbsp;<\/em><\/p>\n","protected":false},"excerpt":{"rendered":"<p>Nuestra historia tiene un&nbsp; largo recorrido, pero la identidad de las escuelas Normales est\u00e1 presente en la actualidad. Hoy la escuela reconoce a cada estudiante como un sujeto portador de una historia personal, desde la cual expresa sus deseos y proyectos de vida. Buscamos construir una escuela c\u00e1lida, donde cada uno y cada una se &#8230; <a title=\"Acerca de nosotros\" class=\"read-more\" href=\"https:\/\/ens11-caba.infd.edu.ar\/sitio\/acerca-de-nosotros\/\" aria-label=\"More on Acerca de nosotros\">[+]<\/a><\/p>\n","protected":false},"author":1185,"featured_media":0,"parent":0,"menu_order":0,"comment_status":"closed","ping_status":"closed","template":"","meta":[],"acf":[],"_links":{"self":[{"href":"https:\/\/ens11-caba.infd.edu.ar\/sitio\/wp-json\/wp\/v2\/pages\/1550"}],"collection":[{"href":"https:\/\/ens11-caba.infd.edu.ar\/sitio\/wp-json\/wp\/v2\/pages"}],"about":[{"href":"https:\/\/ens11-caba.infd.edu.ar\/sitio\/wp-json\/wp\/v2\/types\/page"}],"author":[{"embeddable":true,"href":"https:\/\/ens11-caba.infd.edu.ar\/sitio\/wp-json\/wp\/v2\/users\/1185"}],"replies":[{"embeddable":true,"href":"https:\/\/ens11-caba.infd.edu.ar\/sitio\/wp-json\/wp\/v2\/comments?post=1550"}],"version-history":[{"count":1,"href":"https:\/\/ens11-caba.infd.edu.ar\/sitio\/wp-json\/wp\/v2\/pages\/1550\/revisions"}],"predecessor-version":[{"id":1551,"href":"https:\/\/ens11-caba.infd.edu.ar\/sitio\/wp-json\/wp\/v2\/pages\/1550\/revisions\/1551"}],"wp:attachment":[{"href":"https:\/\/ens11-caba.infd.edu.ar\/sitio\/wp-json\/wp\/v2\/media?parent=1550"}],"curies":[{"name":"wp","href":"https:\/\/api.w.org\/{rel}","templated":true}]}}