{"id":1470,"date":"2025-09-24T01:25:33","date_gmt":"2025-09-24T04:25:33","guid":{"rendered":"https:\/\/ens11-caba.infd.edu.ar\/sitio\/?page_id=1470"},"modified":"2025-09-29T20:40:57","modified_gmt":"2025-09-29T23:40:57","slug":"ingreso-1er-ano-2026","status":"publish","type":"page","link":"https:\/\/ens11-caba.infd.edu.ar\/sitio\/ingreso-1er-ano-2026\/","title":{"rendered":"Ingreso 1er a\u00f1o 2026"},"content":{"rendered":"\n<p><\/p>\n\n\n\n<p><strong>HORARIO ESCOLAR&nbsp;<\/strong><\/p>\n\n\n\n<p class=\"has-text-align-left\">Turno ma\u00f1ana: ingreso 7.45 salida: 12.45<\/p>\n\n\n\n<p>Turno tarde: ingreso: 13.10 salida: 18.10<\/p>\n\n\n\n<p><strong>HORARIO DE ATENCI\u00d3N DE SECRETAR\u00cdA PARA LA RECEPCI\u00d3N DE LA DOCUMENTACI\u00d3N<\/strong><\/p>\n\n\n\n<p>-TURNO MA\u00d1ANA&nbsp;8 A 11&nbsp;&nbsp;ELIZABETH<\/p>\n\n\n\n<p>-TURNO TARDE&nbsp;14&nbsp; A 17&nbsp;PROSECRETARIA&nbsp; IRENE&nbsp;<\/p>\n\n\n\n<p><strong>INFORMACI\u00d3N IMPORTANTE<\/strong><\/p>\n\n\n\n<p><strong>-CUADERNO DE COMUNICACIONES<\/strong>&nbsp;<\/p>\n\n\n\n<p>Deben asistir con \u00e9l. Se adquiere en diferentes puntos: FRENTE A LA ESCUELA, AL LADO&nbsp; DE LA ESCUELA&nbsp; o&nbsp; EN PROVISI\u00d3N ESCOLAR<\/p>\n\n\n\n<p><strong>-PAGO DE COOPERADORA&nbsp;<\/strong><\/p>\n\n\n\n<p><strong>*Dos opciones de pago (siempre efectivo)<\/strong><\/p>\n\n\n\n<p><strong>*MODALIDAD 1:&nbsp; PAGO ANUAL<\/strong><\/p>\n\n\n\n<p><strong>*MODALIDAD 2: EN 9 CUOTAS MENSUALES<\/strong><\/p>\n\n\n\n<p><strong>*El monto de la cooperadora se dar\u00e1 a conocer en este mismo sitio.<\/strong><\/p>\n\n\n\n<p>&nbsp; ! Les contamos que con el aporte de la cooperadora se realizan mejoras a la instituci\u00f3n y contamos con su aporte de ser posible.<\/p>\n\n\n\n<p>&#8211;<strong><u>INSCRIPCI\u00d3N- ETAPAS<\/u><\/strong><\/p>\n\n\n\n<p>&nbsp;El tr\u00e1mite se realiza a trav\u00e9s del<strong>&nbsp;Sistema de Inscripci\u00f3n en L\u00ednea<\/strong>&nbsp;y tiene tres etapas principales:<\/p>\n\n\n\n<p><strong><u>Preinscripci\u00f3n<\/u><\/strong><\/p>\n\n\n\n<ul>\n<li><em><u>Del 29 de septiembre al 7 de noviembre<\/u><\/em><\/li>\n<\/ul>\n\n\n\n<p><em>DEBEN REALIZAR LA INSCRIPCI\u00d3N ONLINE INGRESANDO AL SIGUIENTE LINK.<\/em><\/p>\n\n\n\n<p><a href=\"https:\/\/buenosaires.gob.ar\/educacion\/estudiantes\/inscripcionescolar?utm_source=google&amp;utm_medium=search&amp;utm_campaign=inscripciones2026&amp;utm_id=educacion&amp;utm_term=gcba&amp;gad_source=1&amp;gad_campaignid=23007563253&amp;gbraid=0AAAAAqu0Ggj47h8ZvdbyLSV2CYeLJNdCp&amp;gclid=CjwKCAjwisnGBhAXEiwA0zEOR6U5BH4eyXb0HB1_D1-MGZIsNHNAv6woI18BlRu2YkdTMtraTNVJOhoCH-YQAvD_BwE\">https:\/\/buenosaires.gob.ar\/educacion\/estudiantes\/inscripcionescolar?utm_source=google&amp;utm_medium=search&amp;utm_campaign=inscripciones2026&amp;utm_id=educacion&amp;utm_term=gcba&amp;gad_source=1&amp;gad_campaignid=23007563253&amp;gbraid=0AAAAAqu0Ggj47h8ZvdbyLSV2CYeLJNdCp&amp;gclid=CjwKCAjwisnGBhAXEiwA0zEOR6U5BH4eyXb0HB1_D1-MGZIsNHNAv6woI18BlRu2YkdTMtraTNVJOhoCH-YQAvD_BwE<\/a><\/p>\n\n\n\n<p><strong><u>Control documental<\/u><\/strong><\/p>\n\n\n\n<ul>\n<li><em>Del 29 de septiembre al 14 de noviembre<\/em><\/li>\n\n\n\n<li>Es un paso obligatorio para que la preinscripci\u00f3n sea tenida en cuenta en la asignaci\u00f3n de vacantes.&nbsp;<\/li>\n\n\n\n<li><strong>Se realiza de&nbsp;<u>forma digital<\/u>&nbsp;en el mismo sistema o de manera presencial en los puntos habilitados,&nbsp; con turno previo&nbsp; ingresando a&nbsp;<\/strong><a href=\"https:\/\/buenosaires.gob.ar\/educacion\/escuelas\/sedes-puntos-presenciales\" target=\"_blank\" rel=\"noreferrer noopener\">https:\/\/buenosaires.gob.ar\/educacion\/escuelas\/sedes-puntos-presenciales<\/a>.<\/li>\n<\/ul>\n\n\n\n<p><strong><u>Consulta del estado de Asignaci\u00f3n de vacantes<\/u><\/strong><\/p>\n\n\n\n<ul>\n<li><strong>A partir del 5 de diciembre&nbsp;<\/strong>vas a poder consultar el estado de tu tr\u00e1mite. Luego recibir\u00e1s un correo con un enlace \u00fanico para aceptar o rechazar la vacante asignada.<\/li>\n\n\n\n<li>Los listados estar\u00e1n en el hall de&nbsp; entrada de la escuela como as\u00ed tambi\u00e9n ser\u00e1n publicados en la p\u00e1gina web del establecimiento&nbsp;<a href=\"https:\/\/ens11-caba.infd.edu.ar\/sitio\/\" target=\"_blank\" rel=\"noreferrer noopener\">https:\/\/ens11-caba.infd.edu.ar\/sitio\/<\/a><\/li>\n\n\n\n<li>Con la vacante otorgada deber\u00e1s presentar la siguiente documentaci\u00f3n&nbsp;completa y foliada&nbsp;<strong>desde el 05\/12\/2025 al 15\/12\/2025<\/strong><strong>&nbsp;&nbsp;de 8:00 a 11:00 y 14:00 a 17:00.<\/strong><\/li>\n\n\n\n<li><em>No se recibir\u00e1 documentaci\u00f3n antes del 5\/12<\/em><\/li>\n<\/ul>\n\n\n\n<p><strong><u>DOCUMENTACI\u00d3N<\/u><\/strong><\/p>\n\n\n\n<p><strong>+<\/strong>&nbsp;CARPETA LEGAJO COLOR VERDE CON N\u00daMERO DE INSCRIPCI\u00d3N ONLINE. Adjuntamos los archivos para que sean impresos y completos a mano. o bien pueden conseguirlos en frente o al lado de la Escuela.<\/p>\n\n\n\n<p><strong>1<\/strong>&#8211; FORMULARIO N\u00b0 8 DE DATOS PERSONALES CON N\u00daMERO DE INSCRIPCI\u00d3N ONLINE. POR FAVOR COMPLETAR CON LETRA PROLIJA IMPRENTA MAY\u00daSCULA. EL NOMBRE Y APELLIDO DEL ALUMNO\/A DEBE FIGURAR IGUAL QUE EN EL DNI.&nbsp;<\/p>\n\n\n\n<p><strong>2<\/strong>&#8211; FICHA DE DATOS PERSONALES<\/p>\n\n\n\n<p><strong>3<\/strong>&#8211; INSCRIPCI\u00d3N A BECA ALIMENTARIA ON-LINE :<\/p>\n\n\n\n<p>&nbsp; &nbsp; &nbsp; &nbsp; &nbsp; &nbsp; &nbsp; &nbsp; &nbsp; &nbsp; &nbsp;a- Completar el formulario en l\u00ednea ingresando a la p\u00e1gina web&nbsp;<a href=\"https:\/\/becasalimentarias.buenosaires.gob.ar\/\" target=\"_blank\" rel=\"noreferrer noopener\">https:\/\/becasalimentarias.buenosaires.gob.ar<\/a>.<\/p>\n\n\n\n<p>&nbsp; &nbsp; &nbsp; &nbsp; &nbsp; &nbsp; &nbsp; &nbsp; &nbsp; &nbsp; &nbsp;b- Ante cualquier duda, pueden ingresar a la p\u00e1gina web de Becas A&nbsp;<a href=\"https:\/\/buenosaires.gob.ar\/becas-alimentarias\" target=\"_blank\" rel=\"noreferrer noopener\">https:\/\/buenosaires.gob.ar\/becas-&nbsp; alimentarias<\/a>&nbsp;<\/p>\n\n\n\n<p>&nbsp; &nbsp; &nbsp; &nbsp; &nbsp; &nbsp; &nbsp; &nbsp; &nbsp; &nbsp; &nbsp; &nbsp;(en la cual encontrar\u00e1n todos los instructivos e informaci\u00f3n necesaria para llevar adelante el proceso de inscripci\u00f3n)<\/p>\n\n\n\n<p>&nbsp; &nbsp; &nbsp; &nbsp; &nbsp; &nbsp; &nbsp; &nbsp; &nbsp; &nbsp; &nbsp;c- Para consultas pueden comunicarse al:<\/p>\n\n\n\n<p>&nbsp; &nbsp; &nbsp; &nbsp; &nbsp; &nbsp; &nbsp; &nbsp; &nbsp; &nbsp; &nbsp; &nbsp; &nbsp; &nbsp; &nbsp; &nbsp; &nbsp; &nbsp; &nbsp; &nbsp; &nbsp; &nbsp; &nbsp; &nbsp; &#8211;&nbsp; correo electr\u00f3nico&nbsp;<a href=\"mailto:becas.alimentarias@bue.edu.ar\" target=\"_blank\" rel=\"noreferrer noopener\">becas.alimentarias@bue.edu.ar<\/a>&nbsp;<\/p>\n\n\n\n<p>&nbsp; &nbsp; &nbsp; &nbsp; &nbsp; &nbsp; &nbsp; &nbsp; &nbsp; &nbsp; &nbsp; &nbsp; &nbsp; &nbsp; &nbsp; &nbsp; &nbsp; &nbsp; &nbsp; &nbsp; &nbsp; &nbsp; &nbsp; &nbsp; &#8211;&nbsp;<strong>WhatsApp&nbsp;| Boti:<\/strong>&nbsp; 11 5050-0147&nbsp;<strong>(Opci\u00f3n Becas Alimentarias)<\/strong>.&nbsp;<\/p>\n\n\n\n<p><strong>4<\/strong>&#8211; FICHA DE SALUD PARA EDUCACI\u00d3N F\u00cdSICA<\/p>\n\n\n\n<p><strong>5<\/strong>&#8211; AUTORIZACI\u00d3N PARA ASISTENCIA AL POLIDEPORTIVO DE EDUCACI\u00d3N F\u00cdSICA<\/p>\n\n\n\n<p><strong>6<\/strong>&#8211; AUTORIZACI\u00d3N PARA USO DE IMAGEN<\/p>\n\n\n\n<p><strong>7<\/strong>&#8211; AUTORIZACI\u00d3N SIMULACRO EVACUACI\u00d3N&nbsp;<\/p>\n\n\n\n<p><strong>8<\/strong>&#8211; DNI DEL ESTUDIANTE (3 COPIAS)&nbsp;&nbsp;&nbsp;&nbsp;<\/p>\n\n\n\n<p><strong>9<\/strong>&#8211; DNI DEL ADULTO\/A RESPONSABLE<\/p>\n\n\n\n<p><strong>10<\/strong>-PARTIDA DE NACIMIENTO DEL ALUMNO\/A (ORIGINAL Y COPIA)&nbsp;<\/p>\n\n\n\n<p><strong>11<\/strong>&#8211; CERTIFICADO DE VACUNAS (ORIGINAL Y COPIA)&nbsp;<\/p>\n\n\n\n<p><strong>12<\/strong>-CERTIFICADO DE FINALIZACI\u00d3N DE 7\u00b0 GRADO (ORIGINAL Y COPIA)<\/p>\n\n\n\n<p><strong>+<\/strong>LIBRETA DE SALUD ESCOLAR (ORIGINAL Y COPIA)\u00a0SOLO EN EL CASO QUE LA POSEAN.<\/p>\n\n\n\n<p>Por \u00faltimo, les recordamos&nbsp;que los estudiantes no utilizan guardapolvo.<\/p>\n\n\n\n<p>Estamos a su disposici\u00f3n para cualquier consulta.<\/p>\n\n\n\n<p><strong><em>Secretar\u00eda&nbsp; &#8211;&nbsp; ENS 11 DE 6\u00b0<\/em><\/strong><\/p>\n\n\n\n<p><\/p>\n\n\n\n<p>Archivos para descargar e imprimir<\/p>\n\n\n\n<div class=\"wp-block-columns are-vertically-aligned-center is-layout-flex wp-container-2\">\n<div class=\"wp-block-column is-vertically-aligned-center is-layout-flow\" style=\"flex-basis:100%\">\n<div class=\"wp-block-file\"><object class=\"wp-block-file__embed\" data=\"https:\/\/ens11-caba.infd.edu.ar\/sitio\/wp-content\/uploads\/2025\/09\/1-FORMULARIO-8-1.pdf\" type=\"application\/pdf\" style=\"width:100%;height:600px\" aria-label=\"Incrustado de 1-FORMULARIO-8-1.\"><\/object><a id=\"wp-block-file--media-e2190518-e378-47a3-b82a-af49218ec3b4\" href=\"https:\/\/ens11-caba.infd.edu.ar\/sitio\/wp-content\/uploads\/2025\/09\/1-FORMULARIO-8-1.pdf\">1-FORMULARIO-8-1<\/a><a href=\"https:\/\/ens11-caba.infd.edu.ar\/sitio\/wp-content\/uploads\/2025\/09\/1-FORMULARIO-8-1.pdf\" class=\"wp-block-file__button wp-element-button\" download aria-describedby=\"wp-block-file--media-e2190518-e378-47a3-b82a-af49218ec3b4\">Descarga<\/a><\/div>\n<\/div>\n<\/div>\n\n\n\n<div class=\"wp-block-file\"><object class=\"wp-block-file__embed\" data=\"https:\/\/ens11-caba.infd.edu.ar\/sitio\/wp-content\/uploads\/2025\/09\/2-FICHA-DE-DATOS-PERSONALES-1.pdf\" type=\"application\/pdf\" style=\"width:100%;height:600px\" aria-label=\"Incrustado de 2-FICHA-DE-DATOS-PERSONALES-1.\"><\/object><a id=\"wp-block-file--media-9c57b45c-cc72-4c24-93c1-d17de9be80fa\" href=\"https:\/\/ens11-caba.infd.edu.ar\/sitio\/wp-content\/uploads\/2025\/09\/2-FICHA-DE-DATOS-PERSONALES-1.pdf\">2-FICHA-DE-DATOS-PERSONALES-1<\/a><a href=\"https:\/\/ens11-caba.infd.edu.ar\/sitio\/wp-content\/uploads\/2025\/09\/2-FICHA-DE-DATOS-PERSONALES-1.pdf\" class=\"wp-block-file__button wp-element-button\" download aria-describedby=\"wp-block-file--media-9c57b45c-cc72-4c24-93c1-d17de9be80fa\">Descarga<\/a><\/div>\n\n\n\n<div class=\"wp-block-file\"><object class=\"wp-block-file__embed\" data=\"https:\/\/ens11-caba.infd.edu.ar\/sitio\/wp-content\/uploads\/2025\/09\/4-4A-4B-4C-FICHA-DE-SALUD-ED-FISICA-1.pdf\" type=\"application\/pdf\" style=\"width:100%;height:600px\" aria-label=\"Incrustado de 4-4A-4B-4C-FICHA-DE-SALUD-ED-FISICA-1.\"><\/object><a id=\"wp-block-file--media-7d2933e5-46d5-4cb2-80fb-fdb79fc34f57\" href=\"https:\/\/ens11-caba.infd.edu.ar\/sitio\/wp-content\/uploads\/2025\/09\/4-4A-4B-4C-FICHA-DE-SALUD-ED-FISICA-1.pdf\">4-4A-4B-4C-FICHA-DE-SALUD-ED-FISICA-1<\/a><a href=\"https:\/\/ens11-caba.infd.edu.ar\/sitio\/wp-content\/uploads\/2025\/09\/4-4A-4B-4C-FICHA-DE-SALUD-ED-FISICA-1.pdf\" class=\"wp-block-file__button wp-element-button\" download aria-describedby=\"wp-block-file--media-7d2933e5-46d5-4cb2-80fb-fdb79fc34f57\">Descarga<\/a><\/div>\n\n\n\n<div class=\"wp-block-file\"><object class=\"wp-block-file__embed\" data=\"https:\/\/ens11-caba.infd.edu.ar\/sitio\/wp-content\/uploads\/2025\/09\/6-AUTORIZACION-IMAGEN-1.pdf\" type=\"application\/pdf\" style=\"width:100%;height:600px\" aria-label=\"Incrustado de 6-AUTORIZACION-IMAGEN-1.\"><\/object><a id=\"wp-block-file--media-e2fe8abd-bcd4-4d5b-975d-4415f7d5edec\" href=\"https:\/\/ens11-caba.infd.edu.ar\/sitio\/wp-content\/uploads\/2025\/09\/6-AUTORIZACION-IMAGEN-1.pdf\">6-AUTORIZACION-IMAGEN-1<\/a><a href=\"https:\/\/ens11-caba.infd.edu.ar\/sitio\/wp-content\/uploads\/2025\/09\/6-AUTORIZACION-IMAGEN-1.pdf\" class=\"wp-block-file__button wp-element-button\" download aria-describedby=\"wp-block-file--media-e2fe8abd-bcd4-4d5b-975d-4415f7d5edec\">Descarga<\/a><\/div>\n\n\n\n<div class=\"wp-block-file\"><object class=\"wp-block-file__embed\" data=\"https:\/\/ens11-caba.infd.edu.ar\/sitio\/wp-content\/uploads\/2025\/09\/7-AUTORIZACION-SIMULACROS-1.pdf\" type=\"application\/pdf\" style=\"width:100%;height:600px\" aria-label=\"Incrustado de 7-AUTORIZACION-SIMULACROS-1.\"><\/object><a id=\"wp-block-file--media-7a811efd-b705-4e9b-991f-4ef73799dc32\" href=\"https:\/\/ens11-caba.infd.edu.ar\/sitio\/wp-content\/uploads\/2025\/09\/7-AUTORIZACION-SIMULACROS-1.pdf\">7-AUTORIZACION-SIMULACROS-1<\/a><a href=\"https:\/\/ens11-caba.infd.edu.ar\/sitio\/wp-content\/uploads\/2025\/09\/7-AUTORIZACION-SIMULACROS-1.pdf\" class=\"wp-block-file__button wp-element-button\" download aria-describedby=\"wp-block-file--media-7a811efd-b705-4e9b-991f-4ef73799dc32\">Descarga<\/a><\/div>\n\n\n\n<div class=\"wp-block-file\"><object class=\"wp-block-file__embed\" data=\"https:\/\/ens11-caba.infd.edu.ar\/sitio\/wp-content\/uploads\/2025\/09\/Renuncia-ed-tec-1ro-2da-1.pdf\" type=\"application\/pdf\" style=\"width:100%;height:600px\" aria-label=\"Incrustado de Renuncia-ed-tec-1ro-2da-1.\"><\/object><a id=\"wp-block-file--media-4e4d9604-9289-49a4-b144-a162ef9cf338\" href=\"https:\/\/ens11-caba.infd.edu.ar\/sitio\/wp-content\/uploads\/2025\/09\/Renuncia-ed-tec-1ro-2da-1.pdf\">Renuncia-ed-tec-1ro-2da-1<\/a><a href=\"https:\/\/ens11-caba.infd.edu.ar\/sitio\/wp-content\/uploads\/2025\/09\/Renuncia-ed-tec-1ro-2da-1.pdf\" class=\"wp-block-file__button wp-element-button\" download aria-describedby=\"wp-block-file--media-4e4d9604-9289-49a4-b144-a162ef9cf338\">Descarga<\/a><\/div>\n","protected":false},"excerpt":{"rendered":"<p>HORARIO ESCOLAR&nbsp; Turno ma\u00f1ana: ingreso 7.45 salida: 12.45 Turno tarde: ingreso: 13.10 salida: 18.10 HORARIO DE ATENCI\u00d3N DE SECRETAR\u00cdA PARA LA RECEPCI\u00d3N DE LA DOCUMENTACI\u00d3N -TURNO MA\u00d1ANA&nbsp;8 A 11&nbsp;&nbsp;ELIZABETH -TURNO TARDE&nbsp;14&nbsp; A 17&nbsp;PROSECRETARIA&nbsp; IRENE&nbsp; INFORMACI\u00d3N IMPORTANTE -CUADERNO DE COMUNICACIONES&nbsp; Deben asistir con \u00e9l. Se adquiere en diferentes puntos: FRENTE A LA ESCUELA, AL LADO&nbsp; DE &#8230; <a title=\"Ingreso 1er a\u00f1o 2026\" class=\"read-more\" href=\"https:\/\/ens11-caba.infd.edu.ar\/sitio\/ingreso-1er-ano-2026\/\" aria-label=\"More on Ingreso 1er a\u00f1o 2026\">[+]<\/a><\/p>\n","protected":false},"author":1185,"featured_media":0,"parent":0,"menu_order":0,"comment_status":"closed","ping_status":"closed","template":"","meta":[],"acf":[],"_links":{"self":[{"href":"https:\/\/ens11-caba.infd.edu.ar\/sitio\/wp-json\/wp\/v2\/pages\/1470"}],"collection":[{"href":"https:\/\/ens11-caba.infd.edu.ar\/sitio\/wp-json\/wp\/v2\/pages"}],"about":[{"href":"https:\/\/ens11-caba.infd.edu.ar\/sitio\/wp-json\/wp\/v2\/types\/page"}],"author":[{"embeddable":true,"href":"https:\/\/ens11-caba.infd.edu.ar\/sitio\/wp-json\/wp\/v2\/users\/1185"}],"replies":[{"embeddable":true,"href":"https:\/\/ens11-caba.infd.edu.ar\/sitio\/wp-json\/wp\/v2\/comments?post=1470"}],"version-history":[{"count":6,"href":"https:\/\/ens11-caba.infd.edu.ar\/sitio\/wp-json\/wp\/v2\/pages\/1470\/revisions"}],"predecessor-version":[{"id":1495,"href":"https:\/\/ens11-caba.infd.edu.ar\/sitio\/wp-json\/wp\/v2\/pages\/1470\/revisions\/1495"}],"wp:attachment":[{"href":"https:\/\/ens11-caba.infd.edu.ar\/sitio\/wp-json\/wp\/v2\/media?parent=1470"}],"curies":[{"name":"wp","href":"https:\/\/api.w.org\/{rel}","templated":true}]}}